{"id":26594,"date":"2022-10-25T08:29:56","date_gmt":"2022-10-25T08:29:56","guid":{"rendered":"http:\/\/155.248.232.186\/?post_type=product&#038;p=26594"},"modified":"2022-11-09T08:53:23","modified_gmt":"2022-11-09T08:53:23","slug":"criotica","status":"publish","type":"product","link":"http:\/\/155.248.232.186\/?product=criotica","title":{"rendered":"Cri\u00f3tica"},"content":{"rendered":"<p>Ubicaci\u00f3n<\/p>\n<ul>\n<li>Contrato Los valles del Orbe (5-15, 10-30).<\/li>\n<li>C\u00f3nclave (Recompensa de misi\u00f3n).<\/li>\n<li>Contrato (5-15, 10-30).<\/li>\n<li>Misiones de excavaci\u00f3n en Venus.<\/li>\n<li>Misiones de excavaci\u00f3n en Tierra.<\/li>\n<li>Misiones de excavaci\u00f3n en Europa.<\/li>\n<li>Misiones de excavaci\u00f3n en Neptuno.<\/li>\n<li>Misiones de excavaci\u00f3n en Plut\u00f3n.<\/li>\n<\/ul>\n<p>Utilidad<\/p>\n<p>El uso principal de este material es\u00a0fabricar\u00a0Warframes\u00a0y\u00a0Warframes Prime, as\u00ed como algunas\u00a0armas\u00a0en concreto o Archwings. Aunque no todos estos planos requieren de cri\u00f3ticas para crearse, y las cantidades var\u00edan, son un tipo de material requerido con frecuencia. Puedes encontrarte con unos pocos cientos hasta varios miles como requisito para un plano, as\u00ed que acumula tantos como puedas.<\/p>\n","protected":false},"excerpt":{"rendered":"<p>Ubicaci\u00f3n Contrato Los valles del Orbe (5-15, 10-30). C\u00f3nclave (Recompensa de misi\u00f3n). Contrato (5-15, 10-30). Misiones de excavaci\u00f3n en Venus. Misiones de excavaci\u00f3n en Tierra. Misiones de excavaci\u00f3n en Europa. Misiones de excavaci\u00f3n en Neptuno. Misiones de excavaci\u00f3n en Plut\u00f3n. Utilidad El uso principal de este material es\u00a0fabricar\u00a0Warframes\u00a0y\u00a0Warframes Prime, as\u00ed como algunas\u00a0armas\u00a0en concreto o Archwings. &hellip;<\/p>\n<p class=\"read-more\"> <a class=\"\" href=\"http:\/\/155.248.232.186\/?product=criotica\"> <span class=\"screen-reader-text\">Cri\u00f3tica<\/span> Leer m\u00e1s &raquo;<\/a><\/p>\n","protected":false},"featured_media":26595,"comment_status":"open","ping_status":"closed","template":"","meta":{"_uag_custom_page_level_css":"","site-sidebar-layout":"default","site-content-layout":"default","ast-global-header-display":"","ast-main-header-display":"","ast-hfb-above-header-display":"","ast-hfb-below-header-display":"","ast-hfb-mobile-header-display":"","site-post-title":"","ast-breadcrumbs-content":"","ast-featured-img":"","footer-sml-layout":"","theme-transparent-header-meta":"default","adv-header-id-meta":"","stick-header-meta":"","header-above-stick-meta":"","header-main-stick-meta":"","header-below-stick-meta":""},"product_cat":[64],"product_tag":[],"class_list":{"0":"post-26594","1":"product","2":"type-product","3":"status-publish","4":"has-post-thumbnail","6":"product_cat-warframe","7":"desktop-align-left","8":"tablet-align-left","9":"mobile-align-left","11":"first","12":"instock","13":"virtual","14":"sold-individually","15":"taxable","16":"purchasable","17":"product-type-booking"},"uagb_featured_image_src":{"full":["http:\/\/155.248.232.186\/wp-content\/uploads\/2022\/10\/Cri3Ftica.webp",470,350,false],"thumbnail":["http:\/\/155.248.232.186\/wp-content\/uploads\/2022\/10\/Cri3Ftica-150x150.webp",150,150,true],"medium":["http:\/\/155.248.232.186\/wp-content\/uploads\/2022\/10\/Cri3Ftica-300x223.webp",300,223,true],"medium_large":["http:\/\/155.248.232.186\/wp-content\/uploads\/2022\/10\/Cri3Ftica.webp",470,350,false],"large":["http:\/\/155.248.232.186\/wp-content\/uploads\/2022\/10\/Cri3Ftica.webp",470,350,false],"1536x1536":["http:\/\/155.248.232.186\/wp-content\/uploads\/2022\/10\/Cri3Ftica.webp",470,350,false],"2048x2048":["http:\/\/155.248.232.186\/wp-content\/uploads\/2022\/10\/Cri3Ftica.webp",470,350,false],"woocommerce_thumbnail":["http:\/\/155.248.232.186\/wp-content\/uploads\/2022\/10\/Cri3Ftica-300x300.webp",300,300,true],"woocommerce_single":["http:\/\/155.248.232.186\/wp-content\/uploads\/2022\/10\/Cri3Ftica.webp",470,350,false],"woocommerce_gallery_thumbnail":["http:\/\/155.248.232.186\/wp-content\/uploads\/2022\/10\/Cri3Ftica-100x100.webp",100,100,true]},"uagb_author_info":{"display_name":"oryx","author_link":"http:\/\/155.248.232.186\/?author=0"},"uagb_comment_info":0,"uagb_excerpt":"Ubicaci\u00f3n Contrato Los valles del Orbe (5-15, 10-30). C\u00f3nclave (Recompensa de misi\u00f3n). Contrato (5-15, 10-30). Misiones de excavaci\u00f3n en Venus. Misiones de excavaci\u00f3n en Tierra. Misiones de excavaci\u00f3n en Europa. Misiones de excavaci\u00f3n en Neptuno. Misiones de excavaci\u00f3n en Plut\u00f3n. Utilidad El uso principal de este material es\u00a0fabricar\u00a0Warframes\u00a0y\u00a0Warframes Prime, as\u00ed como algunas\u00a0armas\u00a0en concreto o Archwings.&hellip;","_links":{"self":[{"href":"http:\/\/155.248.232.186\/index.php?rest_route=\/wp\/v2\/product\/26594","targetHints":{"allow":["GET"]}}],"collection":[{"href":"http:\/\/155.248.232.186\/index.php?rest_route=\/wp\/v2\/product"}],"about":[{"href":"http:\/\/155.248.232.186\/index.php?rest_route=\/wp\/v2\/types\/product"}],"replies":[{"embeddable":true,"href":"http:\/\/155.248.232.186\/index.php?rest_route=%2Fwp%2Fv2%2Fcomments&post=26594"}],"wp:featuredmedia":[{"embeddable":true,"href":"http:\/\/155.248.232.186\/index.php?rest_route=\/wp\/v2\/media\/26595"}],"wp:attachment":[{"href":"http:\/\/155.248.232.186\/index.php?rest_route=%2Fwp%2Fv2%2Fmedia&parent=26594"}],"wp:term":[{"taxonomy":"product_cat","embeddable":true,"href":"http:\/\/155.248.232.186\/index.php?rest_route=%2Fwp%2Fv2%2Fproduct_cat&post=26594"},{"taxonomy":"product_tag","embeddable":true,"href":"http:\/\/155.248.232.186\/index.php?rest_route=%2Fwp%2Fv2%2Fproduct_tag&post=26594"}],"curies":[{"name":"wp","href":"https:\/\/api.w.org\/{rel}","templated":true}]}}