{"id":26697,"date":"2022-11-02T08:05:16","date_gmt":"2022-11-02T08:05:16","guid":{"rendered":"http:\/\/155.248.232.186\/?post_type=product&#038;p=26697"},"modified":"2022-11-09T09:03:26","modified_gmt":"2022-11-09T09:03:26","slug":"mitoclasta-vex","status":"publish","type":"product","link":"http:\/\/155.248.232.186\/?product=mitoclasta-vex","title":{"rendered":"Mitoclasta Vex"},"content":{"rendered":"<p>Arma ex\u00f3tica de la C\u00e1mara de Cristal<\/p>\n<p>PERKS EXOTICOS<\/p>\n<p>Mitoclasta atemporal<\/p>\n<p>Esta arma dispara de manera autom\u00e1tica en su modo de tiro predeterminado.<\/p>\n<div>\n<p>Sin l\u00edmite temporal<\/p>\n<p>Al derrotar objetivos, se acumulan copias de Sobrecarga.<\/p>\n<p>[Alternar acci\u00f3n de arma] para cambiar el modo de tiro cuando tengas Sobrecarga al m\u00e1ximo.<\/p>\n<p>En modos de tiro alternativos, mant\u00e9n pulsado el gatillo para cargar y realizar disparos de fusi\u00f3n lineal m\u00e1s poderosos<\/p>\n<\/div>\n","protected":false},"excerpt":{"rendered":"<p>Arma ex\u00f3tica de la C\u00e1mara de Cristal PERKS EXOTICOS Mitoclasta atemporal Esta arma dispara de manera autom\u00e1tica en su modo de tiro predeterminado. Sin l\u00edmite temporal Al derrotar objetivos, se acumulan copias de Sobrecarga. [Alternar acci\u00f3n de arma] para cambiar el modo de tiro cuando tengas Sobrecarga al m\u00e1ximo. En modos de tiro alternativos, mant\u00e9n &hellip;<\/p>\n<p class=\"read-more\"> <a class=\"\" href=\"http:\/\/155.248.232.186\/?product=mitoclasta-vex\"> <span class=\"screen-reader-text\">Mitoclasta Vex<\/span> Leer m\u00e1s &raquo;<\/a><\/p>\n","protected":false},"featured_media":26698,"comment_status":"open","ping_status":"closed","template":"","meta":{"_uag_custom_page_level_css":"","site-sidebar-layout":"default","site-content-layout":"default","ast-global-header-display":"","ast-main-header-display":"","ast-hfb-above-header-display":"","ast-hfb-below-header-display":"","ast-hfb-mobile-header-display":"","site-post-title":"","ast-breadcrumbs-content":"","ast-featured-img":"","footer-sml-layout":"","theme-transparent-header-meta":"default","adv-header-id-meta":"","stick-header-meta":"","header-above-stick-meta":"","header-main-stick-meta":"","header-below-stick-meta":""},"product_cat":[54],"product_tag":[57],"class_list":{"0":"post-26697","1":"product","2":"type-product","3":"status-publish","4":"has-post-thumbnail","6":"product_cat-destiny2","7":"product_tag-farming","8":"desktop-align-left","9":"tablet-align-left","10":"mobile-align-left","12":"first","13":"instock","14":"virtual","15":"sold-individually","16":"taxable","17":"purchasable","18":"product-type-booking"},"uagb_featured_image_src":{"full":["http:\/\/155.248.232.186\/wp-content\/uploads\/2022\/11\/6cc78-16342948758409-1920.webp",1920,1080,false],"thumbnail":["http:\/\/155.248.232.186\/wp-content\/uploads\/2022\/11\/6cc78-16342948758409-1920-150x150.webp",150,150,true],"medium":["http:\/\/155.248.232.186\/wp-content\/uploads\/2022\/11\/6cc78-16342948758409-1920-300x169.webp",300,169,true],"medium_large":["http:\/\/155.248.232.186\/wp-content\/uploads\/2022\/11\/6cc78-16342948758409-1920-768x432.webp",768,432,true],"large":["http:\/\/155.248.232.186\/wp-content\/uploads\/2022\/11\/6cc78-16342948758409-1920-1024x576.webp",1024,576,true],"1536x1536":["http:\/\/155.248.232.186\/wp-content\/uploads\/2022\/11\/6cc78-16342948758409-1920-1536x864.webp",1536,864,true],"2048x2048":["http:\/\/155.248.232.186\/wp-content\/uploads\/2022\/11\/6cc78-16342948758409-1920.webp",1920,1080,false],"woocommerce_thumbnail":["http:\/\/155.248.232.186\/wp-content\/uploads\/2022\/11\/6cc78-16342948758409-1920-300x300.webp",300,300,true],"woocommerce_single":["http:\/\/155.248.232.186\/wp-content\/uploads\/2022\/11\/6cc78-16342948758409-1920-600x338.webp",600,338,true],"woocommerce_gallery_thumbnail":["http:\/\/155.248.232.186\/wp-content\/uploads\/2022\/11\/6cc78-16342948758409-1920-100x100.webp",100,100,true]},"uagb_author_info":{"display_name":"oryx","author_link":"http:\/\/155.248.232.186\/?author=0"},"uagb_comment_info":0,"uagb_excerpt":"Arma ex\u00f3tica de la C\u00e1mara de Cristal PERKS EXOTICOS Mitoclasta atemporal Esta arma dispara de manera autom\u00e1tica en su modo de tiro predeterminado. Sin l\u00edmite temporal Al derrotar objetivos, se acumulan copias de Sobrecarga. [Alternar acci\u00f3n de arma] para cambiar el modo de tiro cuando tengas Sobrecarga al m\u00e1ximo. En modos de tiro alternativos, mant\u00e9n&hellip;","_links":{"self":[{"href":"http:\/\/155.248.232.186\/index.php?rest_route=\/wp\/v2\/product\/26697","targetHints":{"allow":["GET"]}}],"collection":[{"href":"http:\/\/155.248.232.186\/index.php?rest_route=\/wp\/v2\/product"}],"about":[{"href":"http:\/\/155.248.232.186\/index.php?rest_route=\/wp\/v2\/types\/product"}],"replies":[{"embeddable":true,"href":"http:\/\/155.248.232.186\/index.php?rest_route=%2Fwp%2Fv2%2Fcomments&post=26697"}],"wp:featuredmedia":[{"embeddable":true,"href":"http:\/\/155.248.232.186\/index.php?rest_route=\/wp\/v2\/media\/26698"}],"wp:attachment":[{"href":"http:\/\/155.248.232.186\/index.php?rest_route=%2Fwp%2Fv2%2Fmedia&parent=26697"}],"wp:term":[{"taxonomy":"product_cat","embeddable":true,"href":"http:\/\/155.248.232.186\/index.php?rest_route=%2Fwp%2Fv2%2Fproduct_cat&post=26697"},{"taxonomy":"product_tag","embeddable":true,"href":"http:\/\/155.248.232.186\/index.php?rest_route=%2Fwp%2Fv2%2Fproduct_tag&post=26697"}],"curies":[{"name":"wp","href":"https:\/\/api.w.org\/{rel}","templated":true}]}}