{"id":26699,"date":"2022-11-02T08:13:18","date_gmt":"2022-11-02T08:13:18","guid":{"rendered":"http:\/\/155.248.232.186\/?post_type=product&#038;p=26699"},"modified":"2022-11-09T08:45:49","modified_gmt":"2022-11-09T08:45:49","slug":"harrow-prime","status":"publish","type":"product","link":"http:\/\/155.248.232.186\/?product=harrow-prime","title":{"rendered":"Harrow Prime"},"content":{"rendered":"<p>Consigue los planos de Harrow Prime<\/p>\n<p>HABILIDADES<\/p>\n<div class=\"powerTitle\">CONDENAR<\/div>\n<p class=\"powerDesc\">LANZA UNA ONDA DE ENERG\u00cdA QUE LOS ENCADENA DONDE EST\u00c1N PARADOS. CADA ENEMIGO ENCADENADO REFUERZA LOS ESCUDOS DE HARROW.<\/p>\n<div class=\"powerTitle\">PENITENCIA<\/div>\n<p class=\"powerDesc\">SACRIFICA LOS ESCUDOS PARA MEJORAR LA VELOCIDAD DE RECARGA Y CADENCIA DE FUEGO MIENTRAS QUE CONVIERTE EL DA\u00d1O INFLIGIDO A LOS ENEMIGOS EN SALUD PARA HARROW Y LOS ALIADOS CERCANOS.<\/p>\n<div class=\"powerTitle\">INCENSARIO<\/div>\n<p class=\"powerDesc\">CANALIZA LA ENERG\u00cdA DE HARROW EN EL INCENSARIO PARA GENERAR UNA VENTAJA. CUANDO HAYA TERMINADO, ELIMINA A LOS ENEMIGOS PARA OTORGAR A TUS ALIADOS CERCANOS ENERG\u00cdA. ENTRE M\u00c1S ENERG\u00cdA CANALIZADA, M\u00c1S GRANDE SER\u00c1 LA RECOMPENSA POR CADA ELIMINACI\u00d3N.<\/p>\n<div class=\"powerTitle\">PACTO<\/div>\n<p class=\"powerDesc\">PROTEGE A LOS ALIADOS CERCANOS CON UNA FUERZA DE ENERG\u00cdA QUE ABSORBE TODO DA\u00d1O Y LO CONVIERTE EN UNA BONIFICACI\u00d3N DE PROBABILIDAD CRITICA PARA TODOS LOS QUE EST\u00c9N BAJO EL PACTO. DISPAROS A LA CABEZA OTORGAN A\u00daN M\u00c1S.<\/p>\n","protected":false},"excerpt":{"rendered":"<p>Consigue los planos de Harrow Prime HABILIDADES CONDENAR LANZA UNA ONDA DE ENERG\u00cdA QUE LOS ENCADENA DONDE EST\u00c1N PARADOS. CADA ENEMIGO ENCADENADO REFUERZA LOS ESCUDOS DE HARROW. PENITENCIA SACRIFICA LOS ESCUDOS PARA MEJORAR LA VELOCIDAD DE RECARGA Y CADENCIA DE FUEGO MIENTRAS QUE CONVIERTE EL DA\u00d1O INFLIGIDO A LOS ENEMIGOS EN SALUD PARA HARROW Y &hellip;<\/p>\n<p class=\"read-more\"> <a class=\"\" href=\"http:\/\/155.248.232.186\/?product=harrow-prime\"> <span class=\"screen-reader-text\">Harrow Prime<\/span> Leer m\u00e1s &raquo;<\/a><\/p>\n","protected":false},"featured_media":26702,"comment_status":"open","ping_status":"closed","template":"","meta":{"_uag_custom_page_level_css":"","site-sidebar-layout":"default","site-content-layout":"default","ast-global-header-display":"","ast-main-header-display":"","ast-hfb-above-header-display":"","ast-hfb-below-header-display":"","ast-hfb-mobile-header-display":"","site-post-title":"","ast-breadcrumbs-content":"","ast-featured-img":"","footer-sml-layout":"","theme-transparent-header-meta":"default","adv-header-id-meta":"","stick-header-meta":"","header-above-stick-meta":"","header-main-stick-meta":"","header-below-stick-meta":""},"product_cat":[64],"product_tag":[57],"class_list":{"0":"post-26699","1":"product","2":"type-product","3":"status-publish","4":"has-post-thumbnail","6":"product_cat-warframe","7":"product_tag-farming","8":"desktop-align-left","9":"tablet-align-left","10":"mobile-align-left","12":"first","13":"instock","14":"virtual","15":"sold-individually","16":"taxable","17":"purchasable","18":"product-type-booking"},"uagb_featured_image_src":{"full":["http:\/\/155.248.232.186\/wp-content\/uploads\/2022\/11\/maxresdefault-1-e1667376995197.jpg",736,598,false],"thumbnail":["http:\/\/155.248.232.186\/wp-content\/uploads\/2022\/11\/maxresdefault-1-e1667376995197-150x150.jpg",150,150,true],"medium":["http:\/\/155.248.232.186\/wp-content\/uploads\/2022\/11\/maxresdefault-1-e1667376995197-300x244.jpg",300,244,true],"medium_large":["http:\/\/155.248.232.186\/wp-content\/uploads\/2022\/11\/maxresdefault-1-768x432.jpg",768,432,true],"large":["http:\/\/155.248.232.186\/wp-content\/uploads\/2022\/11\/maxresdefault-1-1024x576.jpg",1024,576,true],"1536x1536":["http:\/\/155.248.232.186\/wp-content\/uploads\/2022\/11\/maxresdefault-1-e1667376995197.jpg",736,598,false],"2048x2048":["http:\/\/155.248.232.186\/wp-content\/uploads\/2022\/11\/maxresdefault-1-e1667376995197.jpg",736,598,false],"woocommerce_thumbnail":["http:\/\/155.248.232.186\/wp-content\/uploads\/2022\/11\/maxresdefault-1-e1667376995197-300x300.jpg",300,300,true],"woocommerce_single":["http:\/\/155.248.232.186\/wp-content\/uploads\/2022\/11\/maxresdefault-1-e1667376995197-600x488.jpg",600,488,true],"woocommerce_gallery_thumbnail":["http:\/\/155.248.232.186\/wp-content\/uploads\/2022\/11\/maxresdefault-1-e1667376995197-100x100.jpg",100,100,true]},"uagb_author_info":{"display_name":"oryx","author_link":"http:\/\/155.248.232.186\/?author=0"},"uagb_comment_info":0,"uagb_excerpt":"Consigue los planos de Harrow Prime HABILIDADES CONDENAR LANZA UNA ONDA DE ENERG\u00cdA QUE LOS ENCADENA DONDE EST\u00c1N PARADOS. CADA ENEMIGO ENCADENADO REFUERZA LOS ESCUDOS DE HARROW. PENITENCIA SACRIFICA LOS ESCUDOS PARA MEJORAR LA VELOCIDAD DE RECARGA Y CADENCIA DE FUEGO MIENTRAS QUE CONVIERTE EL DA\u00d1O INFLIGIDO A LOS ENEMIGOS EN SALUD PARA HARROW Y&hellip;","_links":{"self":[{"href":"http:\/\/155.248.232.186\/index.php?rest_route=\/wp\/v2\/product\/26699","targetHints":{"allow":["GET"]}}],"collection":[{"href":"http:\/\/155.248.232.186\/index.php?rest_route=\/wp\/v2\/product"}],"about":[{"href":"http:\/\/155.248.232.186\/index.php?rest_route=\/wp\/v2\/types\/product"}],"replies":[{"embeddable":true,"href":"http:\/\/155.248.232.186\/index.php?rest_route=%2Fwp%2Fv2%2Fcomments&post=26699"}],"wp:featuredmedia":[{"embeddable":true,"href":"http:\/\/155.248.232.186\/index.php?rest_route=\/wp\/v2\/media\/26702"}],"wp:attachment":[{"href":"http:\/\/155.248.232.186\/index.php?rest_route=%2Fwp%2Fv2%2Fmedia&parent=26699"}],"wp:term":[{"taxonomy":"product_cat","embeddable":true,"href":"http:\/\/155.248.232.186\/index.php?rest_route=%2Fwp%2Fv2%2Fproduct_cat&post=26699"},{"taxonomy":"product_tag","embeddable":true,"href":"http:\/\/155.248.232.186\/index.php?rest_route=%2Fwp%2Fv2%2Fproduct_tag&post=26699"}],"curies":[{"name":"wp","href":"https:\/\/api.w.org\/{rel}","templated":true}]}}