{"id":26703,"date":"2022-11-02T08:17:49","date_gmt":"2022-11-02T08:17:49","guid":{"rendered":"http:\/\/155.248.232.186\/?post_type=product&#038;p=26703"},"modified":"2022-11-09T08:43:18","modified_gmt":"2022-11-09T08:43:18","slug":"limbo-prime","status":"publish","type":"product","link":"http:\/\/155.248.232.186\/?product=limbo-prime","title":{"rendered":"Limbo Prime"},"content":{"rendered":"<p>Consigue los planos de Limbo Prime<\/p>\n<p>HABILIDADES<\/p>\n<div class=\"powerTitle\">DESTERRAR<\/div>\n<p class=\"powerDesc\">LANZA UNA ONDA DE ENERG\u00cdA DE LA GRIETA QUE DA\u00d1A A LOS HOSTILES MIENTRAS EMPUJA A LOS ENEMIGOS Y ALIADOS FUERA DEL PLANO DE EXISTENCIA ACTUAL DE LIMBO.<\/p>\n<div class=\"powerTitle\">ESTASIS<\/div>\n<p class=\"powerDesc\">CONGELA A ENEMIGOS EN LA GRIETA. MIENTRAS EST\u00c1 ACTIVA, LOS PROYECTILES DE LOS ENEMIGOS SE QUEDAN EN EL AIRE, CONTINUANDO SU TRAYECTORIA DESPU\u00c9S DE TERMINAR ESTASIS.<\/p>\n<div class=\"powerTitle\">AGITACI\u00d3N DIMENSIONAL<\/div>\n<p class=\"powerDesc\">CARGA A LOS ENEMIGOS QUE EST\u00c1N EN LA GRIETA CON ENERG\u00cdA DE LA GRIETA. CUANDO ESTOS MUEREN AGITACI\u00d3N DIMENSIONAL ES TRANSFERIDO A LOS ENEMIGOS CERCANOS QUE EST\u00c1N FUERA DE LA GRIETA. LOS ENEMIGOS CARGADOS QUE DEJAN LA GRIETA REALIZAN UN DESTIERRO RADIAL.<\/p>\n","protected":false},"excerpt":{"rendered":"<p>Consigue los planos de Limbo Prime HABILIDADES DESTERRAR LANZA UNA ONDA DE ENERG\u00cdA DE LA GRIETA QUE DA\u00d1A A LOS HOSTILES MIENTRAS EMPUJA A LOS ENEMIGOS Y ALIADOS FUERA DEL PLANO DE EXISTENCIA ACTUAL DE LIMBO. ESTASIS CONGELA A ENEMIGOS EN LA GRIETA. MIENTRAS EST\u00c1 ACTIVA, LOS PROYECTILES DE LOS ENEMIGOS SE QUEDAN EN EL &hellip;<\/p>\n<p class=\"read-more\"> <a class=\"\" href=\"http:\/\/155.248.232.186\/?product=limbo-prime\"> <span class=\"screen-reader-text\">Limbo Prime<\/span> Leer m\u00e1s &raquo;<\/a><\/p>\n","protected":false},"featured_media":26704,"comment_status":"open","ping_status":"closed","template":"","meta":{"_uag_custom_page_level_css":"","site-sidebar-layout":"default","site-content-layout":"default","ast-global-header-display":"","ast-main-header-display":"","ast-hfb-above-header-display":"","ast-hfb-below-header-display":"","ast-hfb-mobile-header-display":"","site-post-title":"","ast-breadcrumbs-content":"","ast-featured-img":"","footer-sml-layout":"","theme-transparent-header-meta":"default","adv-header-id-meta":"","stick-header-meta":"","header-above-stick-meta":"","header-main-stick-meta":"","header-below-stick-meta":""},"product_cat":[64],"product_tag":[57],"class_list":{"0":"post-26703","1":"product","2":"type-product","3":"status-publish","4":"has-post-thumbnail","6":"product_cat-warframe","7":"product_tag-farming","8":"desktop-align-left","9":"tablet-align-left","10":"mobile-align-left","12":"first","13":"instock","14":"virtual","15":"sold-individually","16":"taxable","17":"purchasable","18":"product-type-booking"},"uagb_featured_image_src":{"full":["http:\/\/155.248.232.186\/wp-content\/uploads\/2022\/11\/df7a63d02b5b658a5f8962ad2506a7a6.jpg",1920,1080,false],"thumbnail":["http:\/\/155.248.232.186\/wp-content\/uploads\/2022\/11\/df7a63d02b5b658a5f8962ad2506a7a6-150x150.jpg",150,150,true],"medium":["http:\/\/155.248.232.186\/wp-content\/uploads\/2022\/11\/df7a63d02b5b658a5f8962ad2506a7a6-300x169.jpg",300,169,true],"medium_large":["http:\/\/155.248.232.186\/wp-content\/uploads\/2022\/11\/df7a63d02b5b658a5f8962ad2506a7a6-768x432.jpg",768,432,true],"large":["http:\/\/155.248.232.186\/wp-content\/uploads\/2022\/11\/df7a63d02b5b658a5f8962ad2506a7a6-1024x576.jpg",1024,576,true],"1536x1536":["http:\/\/155.248.232.186\/wp-content\/uploads\/2022\/11\/df7a63d02b5b658a5f8962ad2506a7a6-1536x864.jpg",1536,864,true],"2048x2048":["http:\/\/155.248.232.186\/wp-content\/uploads\/2022\/11\/df7a63d02b5b658a5f8962ad2506a7a6.jpg",1920,1080,false],"woocommerce_thumbnail":["http:\/\/155.248.232.186\/wp-content\/uploads\/2022\/11\/df7a63d02b5b658a5f8962ad2506a7a6-300x300.jpg",300,300,true],"woocommerce_single":["http:\/\/155.248.232.186\/wp-content\/uploads\/2022\/11\/df7a63d02b5b658a5f8962ad2506a7a6-600x338.jpg",600,338,true],"woocommerce_gallery_thumbnail":["http:\/\/155.248.232.186\/wp-content\/uploads\/2022\/11\/df7a63d02b5b658a5f8962ad2506a7a6-100x100.jpg",100,100,true]},"uagb_author_info":{"display_name":"oryx","author_link":"http:\/\/155.248.232.186\/?author=0"},"uagb_comment_info":0,"uagb_excerpt":"Consigue los planos de Limbo Prime HABILIDADES DESTERRAR LANZA UNA ONDA DE ENERG\u00cdA DE LA GRIETA QUE DA\u00d1A A LOS HOSTILES MIENTRAS EMPUJA A LOS ENEMIGOS Y ALIADOS FUERA DEL PLANO DE EXISTENCIA ACTUAL DE LIMBO. ESTASIS CONGELA A ENEMIGOS EN LA GRIETA. MIENTRAS EST\u00c1 ACTIVA, LOS PROYECTILES DE LOS ENEMIGOS SE QUEDAN EN EL&hellip;","_links":{"self":[{"href":"http:\/\/155.248.232.186\/index.php?rest_route=\/wp\/v2\/product\/26703","targetHints":{"allow":["GET"]}}],"collection":[{"href":"http:\/\/155.248.232.186\/index.php?rest_route=\/wp\/v2\/product"}],"about":[{"href":"http:\/\/155.248.232.186\/index.php?rest_route=\/wp\/v2\/types\/product"}],"replies":[{"embeddable":true,"href":"http:\/\/155.248.232.186\/index.php?rest_route=%2Fwp%2Fv2%2Fcomments&post=26703"}],"wp:featuredmedia":[{"embeddable":true,"href":"http:\/\/155.248.232.186\/index.php?rest_route=\/wp\/v2\/media\/26704"}],"wp:attachment":[{"href":"http:\/\/155.248.232.186\/index.php?rest_route=%2Fwp%2Fv2%2Fmedia&parent=26703"}],"wp:term":[{"taxonomy":"product_cat","embeddable":true,"href":"http:\/\/155.248.232.186\/index.php?rest_route=%2Fwp%2Fv2%2Fproduct_cat&post=26703"},{"taxonomy":"product_tag","embeddable":true,"href":"http:\/\/155.248.232.186\/index.php?rest_route=%2Fwp%2Fv2%2Fproduct_tag&post=26703"}],"curies":[{"name":"wp","href":"https:\/\/api.w.org\/{rel}","templated":true}]}}