{"id":26705,"date":"2022-11-02T08:21:01","date_gmt":"2022-11-02T08:21:01","guid":{"rendered":"http:\/\/155.248.232.186\/?post_type=product&#038;p=26705"},"modified":"2022-11-09T08:38:37","modified_gmt":"2022-11-09T08:38:37","slug":"nidus-prime","status":"publish","type":"product","link":"http:\/\/155.248.232.186\/?product=nidus-prime","title":{"rendered":"Nidus Prime"},"content":{"rendered":"<p>Consigue los planos de Nidus Prime<\/p>\n<p>Hablidades:<\/p>\n<div class=\"powerTitle\">VIRULENCIA<\/div>\n<p>QUIEBRA EL SUELO CON UN CRECIMIENTO DE HONGOS PERJUDICIALES QUE ROBAN LA ENERG\u00cdA DE CADA ENEMIGO QUE GOLPEA. POR CADA CINCO ENEMIGOS GOLPEADOS, LA INFESTACI\u00d3N SE MUTA, MULTIPLICANDO SU FUERZA DESTRUCTIVA.<\/p>\n<div class=\"powerTitle\">LARVA<\/div>\n<p>GENERA UNA VAINA INFESTADA QUE HACE ERUPCI\u00d3N CON ZARCILLOS, SE ADHIERE A LOS ENEMIGOS CERCANOS Y LOS ATRAE. LOS ENEMIGOS ASESINADOS QUE EST\u00c9N ATRAPADOS TIENEN UNA PROBABILIDAD DE GENERAR UNA ACUMULACI\u00d3N DE MUTACI\u00d3N.<\/p>\n<div class=\"powerTitle\">ENLACE PARASITARIO<\/div>\n<p>VINCULA UN OBJETIVO CON UN ENLACE PARASITARIO. CUANDO ES LANZADO SOBRE LOS ALIADOS, TANTO EL ANFITRI\u00d3N COMO NIDUS OBTIENEN MEJORA DE FUERZA DE HABILIDAD. LOS ENEMIGOS VINCULADOS SUFREN EL DA\u00d1O INFLIGIDO A NIDUS.<\/p>\n<div class=\"powerTitle\">VORACIDAD<\/div>\n<p>UNAS LARVAS GLOTONAS ATACAN A ENEMIGOS CERCANOS, DEVOR\u00c1NDOLOS HASTA SER ALCANZADOS POR VIRULENCIA, EXPLOTANDO CON INFESTACI\u00d3N. LAS LARVAS SE BENEFICIAN DE LA MUTACI\u00d3N Y CADA ENEMIGO CONSUMIDO SE A\u00d1ADE AL TOTAL DE ACUMULACIONES DE MUTACI\u00d3N.<\/p>\n","protected":false},"excerpt":{"rendered":"<p>Consigue los planos de Nidus Prime Hablidades: VIRULENCIA QUIEBRA EL SUELO CON UN CRECIMIENTO DE HONGOS PERJUDICIALES QUE ROBAN LA ENERG\u00cdA DE CADA ENEMIGO QUE GOLPEA. POR CADA CINCO ENEMIGOS GOLPEADOS, LA INFESTACI\u00d3N SE MUTA, MULTIPLICANDO SU FUERZA DESTRUCTIVA. LARVA GENERA UNA VAINA INFESTADA QUE HACE ERUPCI\u00d3N CON ZARCILLOS, SE ADHIERE A LOS ENEMIGOS CERCANOS &hellip;<\/p>\n<p class=\"read-more\"> <a class=\"\" href=\"http:\/\/155.248.232.186\/?product=nidus-prime\"> <span class=\"screen-reader-text\">Nidus Prime<\/span> Leer m\u00e1s &raquo;<\/a><\/p>\n","protected":false},"featured_media":26706,"comment_status":"open","ping_status":"closed","template":"","meta":{"_uag_custom_page_level_css":"","site-sidebar-layout":"default","site-content-layout":"default","ast-global-header-display":"","ast-main-header-display":"","ast-hfb-above-header-display":"","ast-hfb-below-header-display":"","ast-hfb-mobile-header-display":"","site-post-title":"","ast-breadcrumbs-content":"","ast-featured-img":"","footer-sml-layout":"","theme-transparent-header-meta":"default","adv-header-id-meta":"","stick-header-meta":"","header-above-stick-meta":"","header-main-stick-meta":"","header-below-stick-meta":""},"product_cat":[64],"product_tag":[57],"class_list":{"0":"post-26705","1":"product","2":"type-product","3":"status-publish","4":"has-post-thumbnail","6":"product_cat-warframe","7":"product_tag-farming","8":"desktop-align-left","9":"tablet-align-left","10":"mobile-align-left","12":"first","13":"instock","14":"virtual","15":"sold-individually","16":"taxable","17":"purchasable","18":"product-type-booking"},"uagb_featured_image_src":{"full":["http:\/\/155.248.232.186\/wp-content\/uploads\/2022\/11\/Warframe-WIKI-e1667377290240.jpg",1411,1200,false],"thumbnail":["http:\/\/155.248.232.186\/wp-content\/uploads\/2022\/11\/Warframe-WIKI-e1667377290240-150x150.jpg",150,150,true],"medium":["http:\/\/155.248.232.186\/wp-content\/uploads\/2022\/11\/Warframe-WIKI-e1667377290240-300x255.jpg",300,255,true],"medium_large":["http:\/\/155.248.232.186\/wp-content\/uploads\/2022\/11\/Warframe-WIKI-e1667377290240-768x653.jpg",768,653,true],"large":["http:\/\/155.248.232.186\/wp-content\/uploads\/2022\/11\/Warframe-WIKI-e1667377290240-1024x871.jpg",1024,871,true],"1536x1536":["http:\/\/155.248.232.186\/wp-content\/uploads\/2022\/11\/Warframe-WIKI-1536x960.jpg",1536,960,true],"2048x2048":["http:\/\/155.248.232.186\/wp-content\/uploads\/2022\/11\/Warframe-WIKI-e1667377290240.jpg",1411,1200,false],"woocommerce_thumbnail":["http:\/\/155.248.232.186\/wp-content\/uploads\/2022\/11\/Warframe-WIKI-e1667377290240-300x300.jpg",300,300,true],"woocommerce_single":["http:\/\/155.248.232.186\/wp-content\/uploads\/2022\/11\/Warframe-WIKI-e1667377290240-600x510.jpg",600,510,true],"woocommerce_gallery_thumbnail":["http:\/\/155.248.232.186\/wp-content\/uploads\/2022\/11\/Warframe-WIKI-e1667377290240-100x100.jpg",100,100,true]},"uagb_author_info":{"display_name":"oryx","author_link":"http:\/\/155.248.232.186\/?author=0"},"uagb_comment_info":0,"uagb_excerpt":"Consigue los planos de Nidus Prime Hablidades: VIRULENCIA QUIEBRA EL SUELO CON UN CRECIMIENTO DE HONGOS PERJUDICIALES QUE ROBAN LA ENERG\u00cdA DE CADA ENEMIGO QUE GOLPEA. POR CADA CINCO ENEMIGOS GOLPEADOS, LA INFESTACI\u00d3N SE MUTA, MULTIPLICANDO SU FUERZA DESTRUCTIVA. LARVA GENERA UNA VAINA INFESTADA QUE HACE ERUPCI\u00d3N CON ZARCILLOS, SE ADHIERE A LOS ENEMIGOS CERCANOS&hellip;","_links":{"self":[{"href":"http:\/\/155.248.232.186\/index.php?rest_route=\/wp\/v2\/product\/26705","targetHints":{"allow":["GET"]}}],"collection":[{"href":"http:\/\/155.248.232.186\/index.php?rest_route=\/wp\/v2\/product"}],"about":[{"href":"http:\/\/155.248.232.186\/index.php?rest_route=\/wp\/v2\/types\/product"}],"replies":[{"embeddable":true,"href":"http:\/\/155.248.232.186\/index.php?rest_route=%2Fwp%2Fv2%2Fcomments&post=26705"}],"wp:featuredmedia":[{"embeddable":true,"href":"http:\/\/155.248.232.186\/index.php?rest_route=\/wp\/v2\/media\/26706"}],"wp:attachment":[{"href":"http:\/\/155.248.232.186\/index.php?rest_route=%2Fwp%2Fv2%2Fmedia&parent=26705"}],"wp:term":[{"taxonomy":"product_cat","embeddable":true,"href":"http:\/\/155.248.232.186\/index.php?rest_route=%2Fwp%2Fv2%2Fproduct_cat&post=26705"},{"taxonomy":"product_tag","embeddable":true,"href":"http:\/\/155.248.232.186\/index.php?rest_route=%2Fwp%2Fv2%2Fproduct_tag&post=26705"}],"curies":[{"name":"wp","href":"https:\/\/api.w.org\/{rel}","templated":true}]}}